{"id":1479,"date":"2019-10-16T16:11:29","date_gmt":"2019-10-16T14:11:29","guid":{"rendered":"https:\/\/the7.io\/company\/?page_id=1479"},"modified":"2024-02-24T02:37:52","modified_gmt":"2024-02-24T05:37:52","slug":"nosotros","status":"publish","type":"page","link":"https:\/\/www.gaurum.com\/index.php\/nosotros\/","title":{"rendered":"Nosotros"},"content":{"rendered":"\t\t<div data-elementor-type=\"wp-page\" data-elementor-id=\"1479\" class=\"elementor elementor-1479\" data-elementor-post-type=\"page\">\n\t\t\t\t\t\t<section class=\"elementor-section elementor-top-section elementor-element elementor-element-aae7e1b elementor-reverse-tablet elementor-reverse-mobile elementor-section-height-min-height elementor-section-boxed elementor-section-height-default elementor-section-items-middle\" data-id=\"aae7e1b\" data-element_type=\"section\" data-e-type=\"section\" data-settings=\"{&quot;background_background&quot;:&quot;classic&quot;}\">\n\t\t\t\t\t\t\t<div class=\"elementor-background-overlay\"><\/div>\n\t\t\t\t\t\t\t<div class=\"elementor-container elementor-column-gap-wider\">\n\t\t\t\t\t<div class=\"elementor-column elementor-col-100 elementor-top-column elementor-element elementor-element-f77f67b\" data-id=\"f77f67b\" data-element_type=\"column\" data-e-type=\"column\">\n\t\t\t<div class=\"elementor-widget-wrap elementor-element-populated\">\n\t\t\t\t\t\t<div class=\"elementor-element elementor-element-61a40ca elementor-widget elementor-widget-heading\" data-id=\"61a40ca\" data-element_type=\"widget\" data-e-type=\"widget\" data-widget_type=\"heading.default\">\n\t\t\t\t<div class=\"elementor-widget-container\">\n\t\t\t\t\t<h2 class=\"elementor-heading-title elementor-size-default\">Nuestra Consultora<\/h2>\t\t\t\t<\/div>\n\t\t\t\t<\/div>\n\t\t\t\t<div class=\"elementor-element elementor-element-bcc5ac5 elementor-widget elementor-widget-spacer\" data-id=\"bcc5ac5\" data-element_type=\"widget\" data-e-type=\"widget\" data-widget_type=\"spacer.default\">\n\t\t\t\t<div class=\"elementor-widget-container\">\n\t\t\t\t\t\t\t<div class=\"elementor-spacer\">\n\t\t\t<div class=\"elementor-spacer-inner\"><\/div>\n\t\t<\/div>\n\t\t\t\t\t\t<\/div>\n\t\t\t\t<\/div>\n\t\t\t\t<div class=\"elementor-element elementor-element-1b7a878 elementor-widget elementor-widget-text-editor\" data-id=\"1b7a878\" data-element_type=\"widget\" data-e-type=\"widget\" data-widget_type=\"text-editor.default\">\n\t\t\t\t<div class=\"elementor-widget-container\">\n\t\t\t\t\t\t\t\t\t<p>Una evoluci\u00f3n natural<\/p>\t\t\t\t\t\t\t\t<\/div>\n\t\t\t\t<\/div>\n\t\t\t\t\t<\/div>\n\t\t<\/div>\n\t\t\t\t\t<\/div>\n\t\t<\/section>\n\t\t\t\t<section class=\"elementor-section elementor-top-section elementor-element elementor-element-abff651 elementor-section-boxed elementor-section-height-default elementor-section-height-default\" data-id=\"abff651\" data-element_type=\"section\" data-e-type=\"section\">\n\t\t\t\t\t\t<div class=\"elementor-container elementor-column-gap-wider\">\n\t\t\t\t\t<div class=\"elementor-column elementor-col-100 elementor-top-column elementor-element elementor-element-6abdf2f\" data-id=\"6abdf2f\" data-element_type=\"column\" data-e-type=\"column\">\n\t\t\t<div class=\"elementor-widget-wrap elementor-element-populated\">\n\t\t\t\t\t\t<div class=\"elementor-element elementor-element-d0d5f03 the7-e-tabs-nav-justify-fullwidth widget-divider-yes the7-e-tabs-view-horizontal elementor-widget elementor-widget-the7-tabs\" data-id=\"d0d5f03\" data-element_type=\"widget\" data-e-type=\"widget\" data-settings=\"{&quot;accordion_breakpoint&quot;:&quot;mobile&quot;}\" data-widget_type=\"the7-tabs.default\">\n\t\t\t\t<div class=\"elementor-widget-container\">\n\t\t\t\t\t\t<div class=\"the7-e-tabs-wrapper\">\n\t\t<div class=\"the7-e-tabs-nav-wrapper\">\n\t\t\t<div class=\"the7-e-tabs-nav-scroll-wrapper\">\n\t\t\t\t<div class=\"the7-e-tabs-nav\" role=\"tablist\">\n\t\t\t\t\t\t\t\t\t\t<span class=\"item-divider\" aria-hidden=\"true\"><\/span>\n\t\t\t\t\t\t\t\t\t\t\t\t<div id=\"the7-e-tab-title-2181\" class=\"the7-e-tab-title\" aria-selected=\"true\" data-tab=\"1\" role=\"tab\" tabindex=\"0\" aria-controls=\"the7-e-tab-content-2181\" aria-expanded=\"false\">\n\t\t\t\t\t\t\t\t\t\t\t\t\t\t<h5 class=\"the7-e-tab-title-text\">\n\t\t\t\t\t\t\tNuestra Historia\t\t\t\t\t\t\t<\/h5>\n\t\t\t\t\t\t<\/div>\n\t\t\t\t\t\t<span class=\"item-divider\" aria-hidden=\"true\"><\/span>\n\t\t\t\t\t\t\t\t\t\t\t<div id=\"the7-e-tab-title-2182\" class=\"the7-e-tab-title\" aria-selected=\"false\" data-tab=\"2\" role=\"tab\" tabindex=\"-1\" aria-controls=\"the7-e-tab-content-2182\" aria-expanded=\"false\">\n\t\t\t\t\t\t\t\t\t\t\t\t\t\t<h5 class=\"the7-e-tab-title-text\">\n\t\t\t\t\t\t\tMisi\u00f3n\t\t\t\t\t\t\t<\/h5>\n\t\t\t\t\t\t<\/div>\n\t\t\t\t\t\t<span class=\"item-divider\" aria-hidden=\"true\"><\/span>\n\t\t\t\t\t\t\t\t\t\t\t<div id=\"the7-e-tab-title-2183\" class=\"the7-e-tab-title\" aria-selected=\"false\" data-tab=\"3\" role=\"tab\" tabindex=\"-1\" aria-controls=\"the7-e-tab-content-2183\" aria-expanded=\"false\">\n\t\t\t\t\t\t\t\t\t\t\t\t\t\t<h5 class=\"the7-e-tab-title-text\">\n\t\t\t\t\t\t\tValores\t\t\t\t\t\t\t<\/h5>\n\t\t\t\t\t\t<\/div>\n\t\t\t\t\t\t<span class=\"item-divider\" aria-hidden=\"true\"><\/span>\n\t\t\t\t\t\t\t\t\t<\/div>\n\t\t\t<\/div>\n\t\t\t<div class=\"the7-e-tab-nav-button left-button\" role=\"button\" tabindex=\"0\" aria-label=\"Prev tab\"><\/div>\n\t\t\t<div class=\"the7-e-tab-nav-button right-button\" role=\"button\" tabindex=\"0\" aria-label=\"Next tab\"><\/div>\n\t\t<\/div>\n\t\t<div class=\"the7-e-tabs-content\" aria-orientation=\"vertical\">\n\t\t\t<span class=\"item-divider\" aria-hidden=\"true\"><\/span>\n\t\t\t\t\t\t\t<div class=\"the7-e-tab-item-wrapper\" data-tab=\"1\">\n\t\t\t\t\t<div class=\"the7-e-tab-title\" aria-selected=\"true\" data-tab=\"1\" role=\"tab\" tabindex=\"0\" aria-controls=\"elementor-tab-content-2181\" aria-expanded=\"false\">\n\t\t\t\t\t\t\t\t\t\t\t\t<h5 class=\"the7-e-tab-title-text\">\n\t\t\t\t\t\t\tNuestra Historia\t\t\t\t\t\t<\/h5>\n\t\t\t\t\t<\/div>\n\t\t\t\t\t<div id=\"the7-e-tab-content-2181\" class=\"the7-e-tab-content\" data-tab=\"1\" role=\"tabpanel\" aria-labelledby=\"the7-e-tab-title-2181\" tabindex=\"0\" hidden=\"false\"><\/div>\n\t\t\t\t<\/div>\n\t\t\t\t<span class=\"item-divider\" aria-hidden=\"true\"><\/span>\n\t\t\t\t\t\t\t<div class=\"the7-e-tab-item-wrapper\" data-tab=\"2\">\n\t\t\t\t\t<div class=\"the7-e-tab-title\" aria-selected=\"false\" data-tab=\"2\" role=\"tab\" tabindex=\"-1\" aria-controls=\"elementor-tab-content-2182\" aria-expanded=\"false\">\n\t\t\t\t\t\t\t\t\t\t\t\t<h5 class=\"the7-e-tab-title-text\">\n\t\t\t\t\t\t\tMisi\u00f3n\t\t\t\t\t\t<\/h5>\n\t\t\t\t\t<\/div>\n\t\t\t\t\t<div id=\"the7-e-tab-content-2182\" class=\"the7-e-tab-content\" data-tab=\"2\" role=\"tabpanel\" aria-labelledby=\"the7-e-tab-title-2182\" tabindex=\"0\" hidden=\"hidden\"><\/div>\n\t\t\t\t<\/div>\n\t\t\t\t<span class=\"item-divider\" aria-hidden=\"true\"><\/span>\n\t\t\t\t\t\t\t<div class=\"the7-e-tab-item-wrapper\" data-tab=\"3\">\n\t\t\t\t\t<div class=\"the7-e-tab-title\" aria-selected=\"false\" data-tab=\"3\" role=\"tab\" tabindex=\"-1\" aria-controls=\"elementor-tab-content-2183\" aria-expanded=\"false\">\n\t\t\t\t\t\t\t\t\t\t\t\t<h5 class=\"the7-e-tab-title-text\">\n\t\t\t\t\t\t\tValores\t\t\t\t\t\t<\/h5>\n\t\t\t\t\t<\/div>\n\t\t\t\t\t<div id=\"the7-e-tab-content-2183\" class=\"the7-e-tab-content\" data-tab=\"3\" role=\"tabpanel\" aria-labelledby=\"the7-e-tab-title-2183\" tabindex=\"0\" hidden=\"hidden\"><\/div>\n\t\t\t\t<\/div>\n\t\t\t\t<span class=\"item-divider\" aria-hidden=\"true\"><\/span>\n\t\t\t\t\t<\/div>\n\t<\/div>\n\t\t\t\t\t\t<\/div>\n\t\t\t\t<\/div>\n\t\t\t\t\t<\/div>\n\t\t<\/div>\n\t\t\t\t\t<\/div>\n\t\t<\/section>\n\t\t\t\t<section class=\"elementor-section elementor-top-section elementor-element elementor-element-18b22e6 elementor-section-boxed elementor-section-height-default elementor-section-height-default\" data-id=\"18b22e6\" data-element_type=\"section\" data-e-type=\"section\" data-settings=\"{&quot;background_background&quot;:&quot;classic&quot;}\">\n\t\t\t\t\t\t<div class=\"elementor-container elementor-column-gap-no\">\n\t\t\t\t\t<div class=\"elementor-column elementor-col-100 elementor-top-column elementor-element elementor-element-8c6adc8\" data-id=\"8c6adc8\" data-element_type=\"column\" data-e-type=\"column\">\n\t\t\t<div class=\"elementor-widget-wrap\">\n\t\t\t\t\t\t\t<\/div>\n\t\t<\/div>\n\t\t\t\t\t<\/div>\n\t\t<\/section>\n\t\t\t\t<\/div>\n\t\t","protected":false},"excerpt":{"rendered":"<p>Nuestra Consultora Una evoluci\u00f3n natural Nuestra Historia Misi\u00f3n Valores Nuestra Historia Misi\u00f3n Valores<\/p>\n","protected":false},"author":1,"featured_media":0,"parent":0,"menu_order":10,"comment_status":"closed","ping_status":"closed","template":"elementor_header_footer","meta":{"footnotes":""},"class_list":["post-1479","page","type-page","status-publish","hentry"],"yoast_head":"<!-- This site is optimized with the Yoast SEO plugin v27.3 - https:\/\/yoast.com\/product\/yoast-seo-wordpress\/ -->\n<title>Nosotros - gaurum<\/title>\n<meta name=\"robots\" content=\"index, follow, max-snippet:-1, max-image-preview:large, max-video-preview:-1\" \/>\n<link rel=\"canonical\" href=\"https:\/\/www.gaurum.com\/index.php\/nosotros\/\" \/>\n<meta property=\"og:locale\" content=\"es_ES\" \/>\n<meta property=\"og:type\" content=\"article\" \/>\n<meta property=\"og:title\" content=\"Nosotros - gaurum\" \/>\n<meta property=\"og:description\" content=\"Nuestra Consultora Una evoluci\u00f3n natural Nuestra Historia Misi\u00f3n Valores Nuestra Historia Misi\u00f3n Valores\" \/>\n<meta property=\"og:url\" content=\"https:\/\/www.gaurum.com\/index.php\/nosotros\/\" \/>\n<meta property=\"og:site_name\" content=\"gaurum\" \/>\n<meta property=\"article:modified_time\" content=\"2024-02-24T05:37:52+00:00\" \/>\n<meta name=\"twitter:card\" content=\"summary_large_image\" \/>\n<script type=\"application\/ld+json\" class=\"yoast-schema-graph\">{\"@context\":\"https:\\\/\\\/schema.org\",\"@graph\":[{\"@type\":\"WebPage\",\"@id\":\"https:\\\/\\\/www.gaurum.com\\\/index.php\\\/nosotros\\\/\",\"url\":\"https:\\\/\\\/www.gaurum.com\\\/index.php\\\/nosotros\\\/\",\"name\":\"Nosotros - gaurum\",\"isPartOf\":{\"@id\":\"https:\\\/\\\/www.gaurum.com\\\/#website\"},\"datePublished\":\"2019-10-16T14:11:29+00:00\",\"dateModified\":\"2024-02-24T05:37:52+00:00\",\"breadcrumb\":{\"@id\":\"https:\\\/\\\/www.gaurum.com\\\/index.php\\\/nosotros\\\/#breadcrumb\"},\"inLanguage\":\"es\",\"potentialAction\":[{\"@type\":\"ReadAction\",\"target\":[\"https:\\\/\\\/www.gaurum.com\\\/index.php\\\/nosotros\\\/\"]}]},{\"@type\":\"BreadcrumbList\",\"@id\":\"https:\\\/\\\/www.gaurum.com\\\/index.php\\\/nosotros\\\/#breadcrumb\",\"itemListElement\":[{\"@type\":\"ListItem\",\"position\":1,\"name\":\"Portada\",\"item\":\"https:\\\/\\\/www.gaurum.com\\\/\"},{\"@type\":\"ListItem\",\"position\":2,\"name\":\"Nosotros\"}]},{\"@type\":\"WebSite\",\"@id\":\"https:\\\/\\\/www.gaurum.com\\\/#website\",\"url\":\"https:\\\/\\\/www.gaurum.com\\\/\",\"name\":\"gaurum\",\"description\":\"\",\"publisher\":{\"@id\":\"https:\\\/\\\/www.gaurum.com\\\/#organization\"},\"potentialAction\":[{\"@type\":\"SearchAction\",\"target\":{\"@type\":\"EntryPoint\",\"urlTemplate\":\"https:\\\/\\\/www.gaurum.com\\\/?s={search_term_string}\"},\"query-input\":{\"@type\":\"PropertyValueSpecification\",\"valueRequired\":true,\"valueName\":\"search_term_string\"}}],\"inLanguage\":\"es\"},{\"@type\":\"Organization\",\"@id\":\"https:\\\/\\\/www.gaurum.com\\\/#organization\",\"name\":\"gaurum\",\"url\":\"https:\\\/\\\/www.gaurum.com\\\/\",\"logo\":{\"@type\":\"ImageObject\",\"inLanguage\":\"es\",\"@id\":\"https:\\\/\\\/www.gaurum.com\\\/#\\\/schema\\\/logo\\\/image\\\/\",\"url\":\"https:\\\/\\\/www.gaurum.com\\\/wp-content\\\/uploads\\\/2022\\\/05\\\/2b.png\",\"contentUrl\":\"https:\\\/\\\/www.gaurum.com\\\/wp-content\\\/uploads\\\/2022\\\/05\\\/2b.png\",\"width\":1910,\"height\":375,\"caption\":\"gaurum\"},\"image\":{\"@id\":\"https:\\\/\\\/www.gaurum.com\\\/#\\\/schema\\\/logo\\\/image\\\/\"}}]}<\/script>\n<!-- \/ Yoast SEO plugin. -->","yoast_head_json":{"title":"Nosotros - gaurum","robots":{"index":"index","follow":"follow","max-snippet":"max-snippet:-1","max-image-preview":"max-image-preview:large","max-video-preview":"max-video-preview:-1"},"canonical":"https:\/\/www.gaurum.com\/index.php\/nosotros\/","og_locale":"es_ES","og_type":"article","og_title":"Nosotros - gaurum","og_description":"Nuestra Consultora Una evoluci\u00f3n natural Nuestra Historia Misi\u00f3n Valores Nuestra Historia Misi\u00f3n Valores","og_url":"https:\/\/www.gaurum.com\/index.php\/nosotros\/","og_site_name":"gaurum","article_modified_time":"2024-02-24T05:37:52+00:00","twitter_card":"summary_large_image","schema":{"@context":"https:\/\/schema.org","@graph":[{"@type":"WebPage","@id":"https:\/\/www.gaurum.com\/index.php\/nosotros\/","url":"https:\/\/www.gaurum.com\/index.php\/nosotros\/","name":"Nosotros - gaurum","isPartOf":{"@id":"https:\/\/www.gaurum.com\/#website"},"datePublished":"2019-10-16T14:11:29+00:00","dateModified":"2024-02-24T05:37:52+00:00","breadcrumb":{"@id":"https:\/\/www.gaurum.com\/index.php\/nosotros\/#breadcrumb"},"inLanguage":"es","potentialAction":[{"@type":"ReadAction","target":["https:\/\/www.gaurum.com\/index.php\/nosotros\/"]}]},{"@type":"BreadcrumbList","@id":"https:\/\/www.gaurum.com\/index.php\/nosotros\/#breadcrumb","itemListElement":[{"@type":"ListItem","position":1,"name":"Portada","item":"https:\/\/www.gaurum.com\/"},{"@type":"ListItem","position":2,"name":"Nosotros"}]},{"@type":"WebSite","@id":"https:\/\/www.gaurum.com\/#website","url":"https:\/\/www.gaurum.com\/","name":"gaurum","description":"","publisher":{"@id":"https:\/\/www.gaurum.com\/#organization"},"potentialAction":[{"@type":"SearchAction","target":{"@type":"EntryPoint","urlTemplate":"https:\/\/www.gaurum.com\/?s={search_term_string}"},"query-input":{"@type":"PropertyValueSpecification","valueRequired":true,"valueName":"search_term_string"}}],"inLanguage":"es"},{"@type":"Organization","@id":"https:\/\/www.gaurum.com\/#organization","name":"gaurum","url":"https:\/\/www.gaurum.com\/","logo":{"@type":"ImageObject","inLanguage":"es","@id":"https:\/\/www.gaurum.com\/#\/schema\/logo\/image\/","url":"https:\/\/www.gaurum.com\/wp-content\/uploads\/2022\/05\/2b.png","contentUrl":"https:\/\/www.gaurum.com\/wp-content\/uploads\/2022\/05\/2b.png","width":1910,"height":375,"caption":"gaurum"},"image":{"@id":"https:\/\/www.gaurum.com\/#\/schema\/logo\/image\/"}}]}},"jetpack_sharing_enabled":true,"_links":{"self":[{"href":"https:\/\/www.gaurum.com\/index.php\/wp-json\/wp\/v2\/pages\/1479","targetHints":{"allow":["GET"]}}],"collection":[{"href":"https:\/\/www.gaurum.com\/index.php\/wp-json\/wp\/v2\/pages"}],"about":[{"href":"https:\/\/www.gaurum.com\/index.php\/wp-json\/wp\/v2\/types\/page"}],"author":[{"embeddable":true,"href":"https:\/\/www.gaurum.com\/index.php\/wp-json\/wp\/v2\/users\/1"}],"replies":[{"embeddable":true,"href":"https:\/\/www.gaurum.com\/index.php\/wp-json\/wp\/v2\/comments?post=1479"}],"version-history":[{"count":16,"href":"https:\/\/www.gaurum.com\/index.php\/wp-json\/wp\/v2\/pages\/1479\/revisions"}],"predecessor-version":[{"id":8163,"href":"https:\/\/www.gaurum.com\/index.php\/wp-json\/wp\/v2\/pages\/1479\/revisions\/8163"}],"wp:attachment":[{"href":"https:\/\/www.gaurum.com\/index.php\/wp-json\/wp\/v2\/media?parent=1479"}],"curies":[{"name":"wp","href":"https:\/\/api.w.org\/{rel}","templated":true}]}}