{"id":1483,"date":"2019-10-16T16:13:12","date_gmt":"2019-10-16T16:13:12","guid":{"rendered":"https:\/\/the7.io\/company\/?page_id=1483"},"modified":"2025-10-24T21:30:05","modified_gmt":"2025-10-25T00:30:05","slug":"our_services","status":"publish","type":"page","link":"https:\/\/www.gaurum.com\/index.php\/our_services\/","title":{"rendered":"Services"},"content":{"rendered":"\t\t<div data-elementor-type=\"wp-page\" data-elementor-id=\"1483\" class=\"elementor elementor-1483\" data-elementor-post-type=\"page\">\n\t\t\t\t\t\t<section class=\"elementor-section elementor-top-section elementor-element elementor-element-a094adc elementor-reverse-tablet elementor-reverse-mobile elementor-section-height-min-height elementor-section-boxed elementor-section-height-default elementor-section-items-middle\" data-id=\"a094adc\" data-element_type=\"section\" data-e-type=\"section\" data-settings=\"{&quot;background_background&quot;:&quot;classic&quot;}\">\n\t\t\t\t\t\t\t<div class=\"elementor-background-overlay\"><\/div>\n\t\t\t\t\t\t\t<div class=\"elementor-container elementor-column-gap-wider\">\n\t\t\t\t\t<div class=\"elementor-column elementor-col-100 elementor-top-column elementor-element elementor-element-4a31993\" data-id=\"4a31993\" data-element_type=\"column\" data-e-type=\"column\" data-settings=\"{&quot;background_background&quot;:&quot;classic&quot;}\">\n\t\t\t<div class=\"elementor-widget-wrap elementor-element-populated\">\n\t\t\t\t\t\t<div class=\"elementor-element elementor-element-848ac51 elementor-widget elementor-widget-heading\" data-id=\"848ac51\" data-element_type=\"widget\" data-e-type=\"widget\" data-widget_type=\"heading.default\">\n\t\t\t\t<div class=\"elementor-widget-container\">\n\t\t\t\t\t<h2 class=\"elementor-heading-title elementor-size-default\">Nuestros Servicios<\/h2>\t\t\t\t<\/div>\n\t\t\t\t<\/div>\n\t\t\t\t<div class=\"elementor-element elementor-element-995a1e8 elementor-widget elementor-widget-spacer\" data-id=\"995a1e8\" data-element_type=\"widget\" data-e-type=\"widget\" data-widget_type=\"spacer.default\">\n\t\t\t\t<div class=\"elementor-widget-container\">\n\t\t\t\t\t\t\t<div class=\"elementor-spacer\">\n\t\t\t<div class=\"elementor-spacer-inner\"><\/div>\n\t\t<\/div>\n\t\t\t\t\t\t<\/div>\n\t\t\t\t<\/div>\n\t\t\t\t<div class=\"elementor-element elementor-element-3844998 elementor-widget elementor-widget-text-editor\" data-id=\"3844998\" data-element_type=\"widget\" data-e-type=\"widget\" data-widget_type=\"text-editor.default\">\n\t\t\t\t<div class=\"elementor-widget-container\">\n\t\t\t\t\t\t\t\t\t<p>Experiencia y calidad<\/p>\t\t\t\t\t\t\t\t<\/div>\n\t\t\t\t<\/div>\n\t\t\t\t\t<\/div>\n\t\t<\/div>\n\t\t\t\t\t<\/div>\n\t\t<\/section>\n\t\t\t\t<section class=\"elementor-section elementor-top-section elementor-element elementor-element-65122d1 elementor-section-boxed elementor-section-height-default elementor-section-height-default\" data-id=\"65122d1\" data-element_type=\"section\" data-e-type=\"section\" data-settings=\"{&quot;background_background&quot;:&quot;classic&quot;}\">\n\t\t\t\t\t\t<div class=\"elementor-container elementor-column-gap-wider\">\n\t\t\t\t\t<div class=\"elementor-column elementor-col-100 elementor-top-column elementor-element elementor-element-c7cb675\" data-id=\"c7cb675\" data-element_type=\"column\" data-e-type=\"column\">\n\t\t\t<div class=\"elementor-widget-wrap elementor-element-populated\">\n\t\t\t\t\t\t<div class=\"elementor-element elementor-element-9c31040 img-align-top image-vertical-align-center slide-h-position-center icon-box-vertical-align-top preserve-img-ratio-cover elementor-widget elementor-widget-the7-elements-simple-posts\" data-id=\"9c31040\" data-element_type=\"widget\" data-e-type=\"widget\" data-widget_type=\"the7-elements-simple-posts.default\">\n\t\t\t\t<div class=\"elementor-widget-container\">\n\t\t\t\t\t<div class=\"the7-simple-widget-posts the7-elementor-widget the7-elements-simple-posts-9c31040 jquery-filter jquery-filter\" data-post-limit=\"-1\" data-pagination-mode=\"none\" data-scroll-offset=\"\" aria-live=\"assertive\">\t\t\t<div class=\"dt-css-grid custom-pagination-handler\" data-columns=\"{&quot;d&quot;:3,&quot;t&quot;:1,&quot;p&quot;:1,&quot;wd&quot;:&quot;&quot;}\">\n\t\t\t\t\t\t\t\t\t<div class=\"wf-cell visible \">\n\t\t\t\t\t\t<article class=\"post visible wrapper post-4990 services type-services status-publish has-post-thumbnail hentry\">\n\n\t\t\t\t\t\t\t<div class=\"post-content-wrapper\">\n\t\t\t\t\t\t\t\t\t\t\t\t\t\t\t\t\t<div class=\"the7-simple-post-thumb\">\n\t\t\t\t\t\t\t\t\t\t<a class=\"post-thumbnail-rollover layzr-bg img-css-resize-wrapper\" aria-label=\"Post image\" href=\"https:\/\/www.gaurum.com\/index.php\/services\/mesa_de_atencion_de_servicios\/\"><img fetchpriority=\"high\" decoding=\"async\" width=\"450\" height=\"450\" src=\"data:image\/svg+xml,%3Csvg%20xmlns%3D&#039;http%3A%2F%2Fwww.w3.org%2F2000%2Fsvg&#039;%20viewBox%3D&#039;0%200%20450%20450&#039;%2F%3E\" class=\"attachment-full size-full preload-me aspect lazy lazy-load\" alt=\"\" sizes=\"(max-width: 450px) 100vw, 450px\" style=\"--ratio: 450 \/ 450;\" data-src=\"https:\/\/www.gaurum.com\/wp-content\/uploads\/2022\/07\/Optimizacion-de-Procesos-1.png\" loading=\"eager\" data-srcset=\"https:\/\/i0.wp.com\/www.gaurum.com\/wp-content\/uploads\/2022\/07\/Optimizacion-de-Procesos-1.png?w=450&amp;ssl=1 450w, https:\/\/i0.wp.com\/www.gaurum.com\/wp-content\/uploads\/2022\/07\/Optimizacion-de-Procesos-1.png?resize=300%2C300&amp;ssl=1 300w, https:\/\/i0.wp.com\/www.gaurum.com\/wp-content\/uploads\/2022\/07\/Optimizacion-de-Procesos-1.png?resize=150%2C150&amp;ssl=1 150w\" \/><span class=\"the7-hover-icon\"><\/span><\/a>\t\t\t\t\t\t\t\t\t<\/div>\n\t\t\t\t\t\t\t\t\t\t\t\t\t\t\t\t<div class=\"post-entry-content\">\n\t\t\t\t\t\t\t\t\t<h3 class=\"heading\"><a href=\"https:\/\/www.gaurum.com\/index.php\/services\/mesa_de_atencion_de_servicios\/\" rel=\"bookmark\" title=\"Ciberseguridad\" class=\"post-title\">Ciberseguridad<\/a><\/h3><p class=\"short-description\">Protecci\u00f3n integral de la informaci\u00f3n y continuidad operativa mediante gesti\u00f3n de riesgos, cumplimiento normativo y monitoreo proactivo, adaptable a la madurez de tu organizaci\u00f3n.<\/p><a href=\"https:\/\/www.gaurum.com\/index.php\/services\/mesa_de_atencion_de_servicios\/\" target=\"\" aria-label=\"Read more about Ciberseguridad\" class=\"box-button elementor-button elementor-size-sm\">M\u00e1s informaci\u00f3n<\/a>\t\t\t\t\t\t\t\t<\/div>\n\t\t\t\t\t\t\t<\/div>\n\t\t\t\t\t\t<\/article>\n\t\t\t\t\t<\/div>\t\t\t\t\t\t\t\t\t\t<div class=\"wf-cell visible \">\n\t\t\t\t\t\t<article class=\"post visible wrapper post-4989 services type-services status-publish has-post-thumbnail hentry\">\n\n\t\t\t\t\t\t\t<div class=\"post-content-wrapper\">\n\t\t\t\t\t\t\t\t\t\t\t\t\t\t\t\t\t<div class=\"the7-simple-post-thumb\">\n\t\t\t\t\t\t\t\t\t\t<a class=\"post-thumbnail-rollover layzr-bg img-css-resize-wrapper\" aria-label=\"Post image\" href=\"https:\/\/www.gaurum.com\/index.php\/services\/soluciones-tecnologicas\/\"><img decoding=\"async\" width=\"450\" height=\"450\" src=\"data:image\/svg+xml,%3Csvg%20xmlns%3D&#039;http%3A%2F%2Fwww.w3.org%2F2000%2Fsvg&#039;%20viewBox%3D&#039;0%200%20450%20450&#039;%2F%3E\" class=\"attachment-full size-full preload-me aspect lazy lazy-load\" alt=\"\" sizes=\"(max-width: 450px) 100vw, 450px\" style=\"--ratio: 450 \/ 450;\" data-src=\"https:\/\/www.gaurum.com\/wp-content\/uploads\/2022\/07\/Gestion_de_servicios.png\" loading=\"eager\" data-srcset=\"https:\/\/i0.wp.com\/www.gaurum.com\/wp-content\/uploads\/2022\/07\/Gestion_de_servicios.png?w=450&amp;ssl=1 450w, https:\/\/i0.wp.com\/www.gaurum.com\/wp-content\/uploads\/2022\/07\/Gestion_de_servicios.png?resize=300%2C300&amp;ssl=1 300w, https:\/\/i0.wp.com\/www.gaurum.com\/wp-content\/uploads\/2022\/07\/Gestion_de_servicios.png?resize=150%2C150&amp;ssl=1 150w\" \/><span class=\"the7-hover-icon\"><\/span><\/a>\t\t\t\t\t\t\t\t\t<\/div>\n\t\t\t\t\t\t\t\t\t\t\t\t\t\t\t\t<div class=\"post-entry-content\">\n\t\t\t\t\t\t\t\t\t<h3 class=\"heading\"><a href=\"https:\/\/www.gaurum.com\/index.php\/services\/soluciones-tecnologicas\/\" rel=\"bookmark\" title=\"Gesti\u00f3n de Servicios\" class=\"post-title\">Gesti\u00f3n de Servicios<\/a><\/h3><p class=\"short-description\">Modelo integral para administrar y optimizar servicios TI y corporativos (ITSM\/ESM) bajo marcos ITIL\u00ae e ISO 20000, extendiendo las mejores pr\u00e1cticas a toda la organizaci\u00f3n para mejorar eficiencia, trazabilidad y experiencia interna.<\/p><a href=\"https:\/\/www.gaurum.com\/index.php\/services\/soluciones-tecnologicas\/\" target=\"\" aria-label=\"Read more about Gesti\u00f3n de Servicios\" class=\"box-button elementor-button elementor-size-sm\">M\u00e1s informaci\u00f3n<\/a>\t\t\t\t\t\t\t\t<\/div>\n\t\t\t\t\t\t\t<\/div>\n\t\t\t\t\t\t<\/article>\n\t\t\t\t\t<\/div>\t\t\t\t\t\t\t\t\t\t<div class=\"wf-cell visible \">\n\t\t\t\t\t\t<article class=\"post visible wrapper post-4988 services type-services status-publish has-post-thumbnail hentry\">\n\n\t\t\t\t\t\t\t<div class=\"post-content-wrapper\">\n\t\t\t\t\t\t\t\t\t\t\t\t\t\t\t\t\t<div class=\"the7-simple-post-thumb\">\n\t\t\t\t\t\t\t\t\t\t<a class=\"post-thumbnail-rollover layzr-bg img-css-resize-wrapper\" aria-label=\"Post image\" href=\"https:\/\/www.gaurum.com\/index.php\/services\/optimizacion_de_procesos_de_gestion\/\"><img decoding=\"async\" width=\"450\" height=\"450\" src=\"data:image\/svg+xml,%3Csvg%20xmlns%3D&#039;http%3A%2F%2Fwww.w3.org%2F2000%2Fsvg&#039;%20viewBox%3D&#039;0%200%20450%20450&#039;%2F%3E\" class=\"attachment-full size-full preload-me aspect lazy lazy-load\" alt=\"\" sizes=\"(max-width: 450px) 100vw, 450px\" style=\"--ratio: 450 \/ 450;\" data-src=\"https:\/\/www.gaurum.com\/wp-content\/uploads\/2022\/07\/Gobierno_de_datos.png\" loading=\"eager\" data-srcset=\"https:\/\/i0.wp.com\/www.gaurum.com\/wp-content\/uploads\/2022\/07\/Gobierno_de_datos.png?w=450&amp;ssl=1 450w, https:\/\/i0.wp.com\/www.gaurum.com\/wp-content\/uploads\/2022\/07\/Gobierno_de_datos.png?resize=300%2C300&amp;ssl=1 300w, https:\/\/i0.wp.com\/www.gaurum.com\/wp-content\/uploads\/2022\/07\/Gobierno_de_datos.png?resize=150%2C150&amp;ssl=1 150w\" \/><span class=\"the7-hover-icon\"><\/span><\/a>\t\t\t\t\t\t\t\t\t<\/div>\n\t\t\t\t\t\t\t\t\t\t\t\t\t\t\t\t<div class=\"post-entry-content\">\n\t\t\t\t\t\t\t\t\t<h3 class=\"heading\"><a href=\"https:\/\/www.gaurum.com\/index.php\/services\/optimizacion_de_procesos_de_gestion\/\" rel=\"bookmark\" title=\"Gobierno de Datos\" class=\"post-title\">Gobierno de Datos<\/a><\/h3><p class=\"short-description\">Estructura s\u00f3lida para administrar, proteger y aprovechar los datos empresariales, alineando pol\u00edticas, calidad y cumplimiento para decisiones confiables y sostenibles.<\/p><a href=\"https:\/\/www.gaurum.com\/index.php\/services\/optimizacion_de_procesos_de_gestion\/\" target=\"\" aria-label=\"Read more about Gobierno de Datos\" class=\"box-button elementor-button elementor-size-sm\">M\u00e1s informaci\u00f3n<\/a>\t\t\t\t\t\t\t\t<\/div>\n\t\t\t\t\t\t\t<\/div>\n\t\t\t\t\t\t<\/article>\n\t\t\t\t\t<\/div>\t\t\t\t\t\t\t\t<\/div>\n\t\t<\/div>\t\t\t\t<\/div>\n\t\t\t\t<\/div>\n\t\t\t\t\t<\/div>\n\t\t<\/div>\n\t\t\t\t\t<\/div>\n\t\t<\/section>\n\t\t\t\t<section class=\"elementor-section elementor-top-section elementor-element elementor-element-3799905 elementor-section-boxed elementor-section-height-default elementor-section-height-default\" data-id=\"3799905\" data-element_type=\"section\" data-e-type=\"section\" data-settings=\"{&quot;background_background&quot;:&quot;classic&quot;}\">\n\t\t\t\t\t\t<div class=\"elementor-container elementor-column-gap-wider\">\n\t\t\t\t\t<div class=\"elementor-column elementor-col-100 elementor-top-column elementor-element elementor-element-f04edd8\" data-id=\"f04edd8\" data-element_type=\"column\" data-e-type=\"column\">\n\t\t\t<div class=\"elementor-widget-wrap elementor-element-populated\">\n\t\t\t\t\t\t<div class=\"elementor-element elementor-element-d647242 elementor-widget elementor-widget-heading\" data-id=\"d647242\" data-element_type=\"widget\" data-e-type=\"widget\" data-widget_type=\"heading.default\">\n\t\t\t\t<div class=\"elementor-widget-container\">\n\t\t\t\t\t<h3 class=\"elementor-heading-title elementor-size-default\">Beneficios que obtiene tu organizaci\u00f3n<\/h3>\t\t\t\t<\/div>\n\t\t\t\t<\/div>\n\t\t\t\t<div class=\"elementor-element elementor-element-c8bf43d elementor-widget elementor-widget-spacer\" data-id=\"c8bf43d\" data-element_type=\"widget\" data-e-type=\"widget\" data-widget_type=\"spacer.default\">\n\t\t\t\t<div class=\"elementor-widget-container\">\n\t\t\t\t\t\t\t<div class=\"elementor-spacer\">\n\t\t\t<div class=\"elementor-spacer-inner\"><\/div>\n\t\t<\/div>\n\t\t\t\t\t\t<\/div>\n\t\t\t\t<\/div>\n\t\t\t\t<div class=\"elementor-element elementor-element-c0998fb elementor-widget elementor-widget-heading\" data-id=\"c0998fb\" data-element_type=\"widget\" data-e-type=\"widget\" data-widget_type=\"heading.default\">\n\t\t\t\t<div class=\"elementor-widget-container\">\n\t\t\t\t\t<span class=\"elementor-heading-title elementor-size-default\">Nuestras soluciones integran tecnolog\u00eda, procesos y cultura para generar impacto real.<\/span>\t\t\t\t<\/div>\n\t\t\t\t<\/div>\n\t\t\t\t<div class=\"elementor-element elementor-element-ae9de74 elementor-widget elementor-widget-spacer\" data-id=\"ae9de74\" data-element_type=\"widget\" data-e-type=\"widget\" data-widget_type=\"spacer.default\">\n\t\t\t\t<div class=\"elementor-widget-container\">\n\t\t\t\t\t\t\t<div class=\"elementor-spacer\">\n\t\t\t<div class=\"elementor-spacer-inner\"><\/div>\n\t\t<\/div>\n\t\t\t\t\t\t<\/div>\n\t\t\t\t<\/div>\n\t\t\t\t<div class=\"elementor-element elementor-element-f0eadd3 arrows-relative-to-box_area slider-layout_1 slider-tablet-default slider-mobile-default slide-h-position-center bullets-small-dot-stroke elementor-widget elementor-widget-the7_content_carousel\" data-id=\"f0eadd3\" data-element_type=\"widget\" data-e-type=\"widget\" data-settings=\"{&quot;gap_between_posts&quot;:{&quot;unit&quot;:&quot;px&quot;,&quot;size&quot;:60,&quot;sizes&quot;:[]},&quot;widget_columns&quot;:3,&quot;widget_columns_tablet&quot;:2,&quot;widget_columns_mobile&quot;:1,&quot;gap_between_posts_tablet&quot;:{&quot;unit&quot;:&quot;px&quot;,&quot;size&quot;:&quot;&quot;,&quot;sizes&quot;:[]},&quot;gap_between_posts_mobile&quot;:{&quot;unit&quot;:&quot;px&quot;,&quot;size&quot;:&quot;&quot;,&quot;sizes&quot;:[]}}\" data-widget_type=\"the7_content_carousel.default\">\n\t\t\t\t<div class=\"elementor-widget-container\">\n\t\t\t\t\t<div class=\"disable-arrows-hover-bg owl-carousel text-and-icon-carousel elementor-owl-carousel-call the7-elementor-widget the7_content_carousel-f0eadd3 quick-scale-img\" data-scroll-mode=\"1\" data-auto-height=\"false\" data-speed=\"600\" data-autoplay=\"false\" data-autoplay_speed=\"\"><div  class=\"dt-owl-item-wrap elements-hover\"  ><div class=\"dt-owl-item-inner \"><div   class=\"dt-owl-item-icon\"><i aria-hidden=\"true\" class=\"open-button fas fa-chart-line\"><\/i><\/div><h4  class=\"dt-owl-item-heading\">Eficiencia<\/h4><div class=\"dt-owl-item-description\">Reducci\u00f3n de costos operativos mediante automatizaci\u00f3n.<\/div><\/div><\/div><div  class=\"dt-owl-item-wrap elements-hover\"  ><div class=\"dt-owl-item-inner \"><div   class=\"dt-owl-item-icon\"><i aria-hidden=\"true\" class=\"open-button fas fa-user-lock\"><\/i><\/div><h4  class=\"dt-owl-item-heading\">Seguridad<\/h4><div class=\"dt-owl-item-description\">Mitigaci\u00f3n de riesgos y cumplimiento normativo.<\/div><\/div><\/div><div  class=\"dt-owl-item-wrap elements-hover\"  ><div class=\"dt-owl-item-inner \"><div   class=\"dt-owl-item-icon\"><i aria-hidden=\"true\" class=\"open-button fas fa-user-check\"><\/i><\/div><h4  class=\"dt-owl-item-heading\">gobernanza<\/h4><div class=\"dt-owl-item-description\">Decisiones basadas en datos confiables.<\/div><\/div><\/div><\/div><div class=\"owl-nav disabled\"><div class=\"owl-prev\" role=\"button\" tabindex=\"0\" aria-label=\"Prev slide\"><i class=\"fas fa-chevron-left\"><\/i><\/div><div class=\"owl-next\" role=\"button\" tabindex=\"0\" aria-label=\"Next slide\"><i class=\"fas fa-chevron-right\"><\/i><\/div><\/div>\t\t\t\t<\/div>\n\t\t\t\t<\/div>\n\t\t\t\t\t<\/div>\n\t\t<\/div>\n\t\t\t\t\t<\/div>\n\t\t<\/section>\n\t\t\t\t<\/div>\n\t\t","protected":false},"excerpt":{"rendered":"<p>Nuestros Servicios Experiencia y calidad Ciberseguridad Protecci\u00f3n integral de la informaci\u00f3n y continuidad operativa mediante gesti\u00f3n de riesgos, cumplimiento normativo y monitoreo proactivo, adaptable a la madurez de tu organizaci\u00f3n. M\u00e1s informaci\u00f3n Gesti\u00f3n de Servicios Modelo integral para administrar y optimizar servicios TI y corporativos (ITSM\/ESM) bajo marcos ITIL\u00ae e ISO 20000, extendiendo las mejores&hellip;<\/p>\n","protected":false},"author":1,"featured_media":0,"parent":0,"menu_order":20,"comment_status":"closed","ping_status":"closed","template":"elementor_header_footer","meta":{"footnotes":""},"class_list":["post-1483","page","type-page","status-publish","hentry"],"yoast_head":"<!-- This site is optimized with the Yoast SEO plugin v27.3 - https:\/\/yoast.com\/product\/yoast-seo-wordpress\/ -->\n<title>Services - gaurum<\/title>\n<meta name=\"robots\" content=\"index, follow, max-snippet:-1, max-image-preview:large, max-video-preview:-1\" \/>\n<link rel=\"canonical\" href=\"https:\/\/www.gaurum.com\/index.php\/our_services\/\" \/>\n<meta property=\"og:locale\" content=\"es_ES\" \/>\n<meta property=\"og:type\" content=\"article\" \/>\n<meta property=\"og:title\" content=\"Services - gaurum\" \/>\n<meta property=\"og:description\" content=\"Nuestros Servicios Experiencia y calidad Ciberseguridad Protecci\u00f3n integral de la informaci\u00f3n y continuidad operativa mediante gesti\u00f3n de riesgos, cumplimiento normativo y monitoreo proactivo, adaptable a la madurez de tu organizaci\u00f3n. M\u00e1s informaci\u00f3n Gesti\u00f3n de Servicios Modelo integral para administrar y optimizar servicios TI y corporativos (ITSM\/ESM) bajo marcos ITIL\u00ae e ISO 20000, extendiendo las mejores&hellip;\" \/>\n<meta property=\"og:url\" content=\"https:\/\/www.gaurum.com\/index.php\/our_services\/\" \/>\n<meta property=\"og:site_name\" content=\"gaurum\" \/>\n<meta property=\"article:modified_time\" content=\"2025-10-25T00:30:05+00:00\" \/>\n<meta name=\"twitter:card\" content=\"summary_large_image\" \/>\n<meta name=\"twitter:label1\" content=\"Tiempo de lectura\" \/>\n\t<meta name=\"twitter:data1\" content=\"2 minutos\" \/>\n<script type=\"application\/ld+json\" class=\"yoast-schema-graph\">{\"@context\":\"https:\\\/\\\/schema.org\",\"@graph\":[{\"@type\":\"WebPage\",\"@id\":\"https:\\\/\\\/www.gaurum.com\\\/index.php\\\/our_services\\\/\",\"url\":\"https:\\\/\\\/www.gaurum.com\\\/index.php\\\/our_services\\\/\",\"name\":\"Services - gaurum\",\"isPartOf\":{\"@id\":\"https:\\\/\\\/www.gaurum.com\\\/#website\"},\"datePublished\":\"2019-10-16T16:13:12+00:00\",\"dateModified\":\"2025-10-25T00:30:05+00:00\",\"breadcrumb\":{\"@id\":\"https:\\\/\\\/www.gaurum.com\\\/index.php\\\/our_services\\\/#breadcrumb\"},\"inLanguage\":\"es\",\"potentialAction\":[{\"@type\":\"ReadAction\",\"target\":[\"https:\\\/\\\/www.gaurum.com\\\/index.php\\\/our_services\\\/\"]}]},{\"@type\":\"BreadcrumbList\",\"@id\":\"https:\\\/\\\/www.gaurum.com\\\/index.php\\\/our_services\\\/#breadcrumb\",\"itemListElement\":[{\"@type\":\"ListItem\",\"position\":1,\"name\":\"Portada\",\"item\":\"https:\\\/\\\/www.gaurum.com\\\/\"},{\"@type\":\"ListItem\",\"position\":2,\"name\":\"Services\"}]},{\"@type\":\"WebSite\",\"@id\":\"https:\\\/\\\/www.gaurum.com\\\/#website\",\"url\":\"https:\\\/\\\/www.gaurum.com\\\/\",\"name\":\"gaurum\",\"description\":\"\",\"publisher\":{\"@id\":\"https:\\\/\\\/www.gaurum.com\\\/#organization\"},\"potentialAction\":[{\"@type\":\"SearchAction\",\"target\":{\"@type\":\"EntryPoint\",\"urlTemplate\":\"https:\\\/\\\/www.gaurum.com\\\/?s={search_term_string}\"},\"query-input\":{\"@type\":\"PropertyValueSpecification\",\"valueRequired\":true,\"valueName\":\"search_term_string\"}}],\"inLanguage\":\"es\"},{\"@type\":\"Organization\",\"@id\":\"https:\\\/\\\/www.gaurum.com\\\/#organization\",\"name\":\"gaurum\",\"url\":\"https:\\\/\\\/www.gaurum.com\\\/\",\"logo\":{\"@type\":\"ImageObject\",\"inLanguage\":\"es\",\"@id\":\"https:\\\/\\\/www.gaurum.com\\\/#\\\/schema\\\/logo\\\/image\\\/\",\"url\":\"https:\\\/\\\/www.gaurum.com\\\/wp-content\\\/uploads\\\/2022\\\/05\\\/2b.png\",\"contentUrl\":\"https:\\\/\\\/www.gaurum.com\\\/wp-content\\\/uploads\\\/2022\\\/05\\\/2b.png\",\"width\":1910,\"height\":375,\"caption\":\"gaurum\"},\"image\":{\"@id\":\"https:\\\/\\\/www.gaurum.com\\\/#\\\/schema\\\/logo\\\/image\\\/\"}}]}<\/script>\n<!-- \/ Yoast SEO plugin. -->","yoast_head_json":{"title":"Services - gaurum","robots":{"index":"index","follow":"follow","max-snippet":"max-snippet:-1","max-image-preview":"max-image-preview:large","max-video-preview":"max-video-preview:-1"},"canonical":"https:\/\/www.gaurum.com\/index.php\/our_services\/","og_locale":"es_ES","og_type":"article","og_title":"Services - gaurum","og_description":"Nuestros Servicios Experiencia y calidad Ciberseguridad Protecci\u00f3n integral de la informaci\u00f3n y continuidad operativa mediante gesti\u00f3n de riesgos, cumplimiento normativo y monitoreo proactivo, adaptable a la madurez de tu organizaci\u00f3n. M\u00e1s informaci\u00f3n Gesti\u00f3n de Servicios Modelo integral para administrar y optimizar servicios TI y corporativos (ITSM\/ESM) bajo marcos ITIL\u00ae e ISO 20000, extendiendo las mejores&hellip;","og_url":"https:\/\/www.gaurum.com\/index.php\/our_services\/","og_site_name":"gaurum","article_modified_time":"2025-10-25T00:30:05+00:00","twitter_card":"summary_large_image","twitter_misc":{"Tiempo de lectura":"2 minutos"},"schema":{"@context":"https:\/\/schema.org","@graph":[{"@type":"WebPage","@id":"https:\/\/www.gaurum.com\/index.php\/our_services\/","url":"https:\/\/www.gaurum.com\/index.php\/our_services\/","name":"Services - gaurum","isPartOf":{"@id":"https:\/\/www.gaurum.com\/#website"},"datePublished":"2019-10-16T16:13:12+00:00","dateModified":"2025-10-25T00:30:05+00:00","breadcrumb":{"@id":"https:\/\/www.gaurum.com\/index.php\/our_services\/#breadcrumb"},"inLanguage":"es","potentialAction":[{"@type":"ReadAction","target":["https:\/\/www.gaurum.com\/index.php\/our_services\/"]}]},{"@type":"BreadcrumbList","@id":"https:\/\/www.gaurum.com\/index.php\/our_services\/#breadcrumb","itemListElement":[{"@type":"ListItem","position":1,"name":"Portada","item":"https:\/\/www.gaurum.com\/"},{"@type":"ListItem","position":2,"name":"Services"}]},{"@type":"WebSite","@id":"https:\/\/www.gaurum.com\/#website","url":"https:\/\/www.gaurum.com\/","name":"gaurum","description":"","publisher":{"@id":"https:\/\/www.gaurum.com\/#organization"},"potentialAction":[{"@type":"SearchAction","target":{"@type":"EntryPoint","urlTemplate":"https:\/\/www.gaurum.com\/?s={search_term_string}"},"query-input":{"@type":"PropertyValueSpecification","valueRequired":true,"valueName":"search_term_string"}}],"inLanguage":"es"},{"@type":"Organization","@id":"https:\/\/www.gaurum.com\/#organization","name":"gaurum","url":"https:\/\/www.gaurum.com\/","logo":{"@type":"ImageObject","inLanguage":"es","@id":"https:\/\/www.gaurum.com\/#\/schema\/logo\/image\/","url":"https:\/\/www.gaurum.com\/wp-content\/uploads\/2022\/05\/2b.png","contentUrl":"https:\/\/www.gaurum.com\/wp-content\/uploads\/2022\/05\/2b.png","width":1910,"height":375,"caption":"gaurum"},"image":{"@id":"https:\/\/www.gaurum.com\/#\/schema\/logo\/image\/"}}]}},"jetpack_sharing_enabled":true,"_links":{"self":[{"href":"https:\/\/www.gaurum.com\/index.php\/wp-json\/wp\/v2\/pages\/1483","targetHints":{"allow":["GET"]}}],"collection":[{"href":"https:\/\/www.gaurum.com\/index.php\/wp-json\/wp\/v2\/pages"}],"about":[{"href":"https:\/\/www.gaurum.com\/index.php\/wp-json\/wp\/v2\/types\/page"}],"author":[{"embeddable":true,"href":"https:\/\/www.gaurum.com\/index.php\/wp-json\/wp\/v2\/users\/1"}],"replies":[{"embeddable":true,"href":"https:\/\/www.gaurum.com\/index.php\/wp-json\/wp\/v2\/comments?post=1483"}],"version-history":[{"count":21,"href":"https:\/\/www.gaurum.com\/index.php\/wp-json\/wp\/v2\/pages\/1483\/revisions"}],"predecessor-version":[{"id":8803,"href":"https:\/\/www.gaurum.com\/index.php\/wp-json\/wp\/v2\/pages\/1483\/revisions\/8803"}],"wp:attachment":[{"href":"https:\/\/www.gaurum.com\/index.php\/wp-json\/wp\/v2\/media?parent=1483"}],"curies":[{"name":"wp","href":"https:\/\/api.w.org\/{rel}","templated":true}]}}